{"id":282,"date":"2023-12-18T10:35:17","date_gmt":"2023-12-18T10:35:17","guid":{"rendered":"https:\/\/uitgeeferij.nl\/?page_id=282"},"modified":"2026-03-26T15:15:13","modified_gmt":"2026-03-26T15:15:13","slug":"nieuws","status":"publish","type":"page","link":"https:\/\/uitgeeferij.nl\/index.php\/nieuws\/","title":{"rendered":"nieuws"},"content":{"rendered":"<div id=\"pl-282\"  class=\"panel-layout\" ><div id=\"pg-282-0\"  class=\"panel-grid panel-no-style\" ><div id=\"pgc-282-0-0\"  class=\"panel-grid-cell\" ><div id=\"panel-282-0-0-0\" class=\"so-panel widget widget_sow-accordion panel-first-child panel-last-child\" data-index=\"0\" ><div\n\t\t\t\n\t\t\tclass=\"so-widget-sow-accordion so-widget-sow-accordion-default-5800f187bcff-282\"\n\t\t\t\n\t\t><div>\n\t<div class=\"sow-accordion\">\n\t\t\t<div class=\"sow-accordion-panel\n\t\t\t\t\t\"\n\t\t\t\tdata-anchor-id=\"vrijwilligers-voor-animaties-en-video-gevraagd\">\n\t\t\t\t\t<div class=\"sow-accordion-panel-header-container\" role=\"heading\" aria-level=\"2\">\n\t\t\t\t\t<div class=\"sow-accordion-panel-header\" tabindex=\"0\" role=\"button\" id=\"accordion-label-vrijwilligers-voor-animaties-en-video-gevraagd\" aria-controls=\"accordion-content-vrijwilligers-voor-animaties-en-video-gevraagd\" aria-expanded=\"false\">\n\t\t\t\t\t\t<div class=\"sow-accordion-title sow-accordion-title-icon-left\">\n\t\t\t\t\t\t\t\t\t\t\t\t\t\tVrijwilligers voor animaties en video gevraagd\t\t\t\t\t\t\t\t\t\t\t\t\t<\/div>\n\t\t\t\t\t\t<div class=\"sow-accordion-open-close-button\">\n\t\t\t\t\t\t\t<div class=\"sow-accordion-open-button\">\n\t\t\t\t\t\t\t\t<span class=\"sow-icon-ionicons\" data-sow-icon=\"&#xf218;\"\n\t\t \n\t\taria-hidden=\"true\"><\/span>\t\t\t\t\t\t\t<\/div>\n\t\t\t\t\t\t\t<div class=\"sow-accordion-close-button\">\n\t\t\t\t\t\t\t\t<span class=\"sow-icon-ionicons\" data-sow-icon=\"&#xf209;\"\n\t\t \n\t\taria-hidden=\"true\"><\/span>\t\t\t\t\t\t\t<\/div>\n\t\t\t\t\t\t<\/div>\n\t\t\t\t\t<\/div>\n\t\t\t\t<\/div>\n\n\t\t\t<div\n\t\t\t\tclass=\"sow-accordion-panel-content\"\n\t\t\t\trole=\"region\"\n\t\t\t\taria-labelledby=\"accordion-label-vrijwilligers-voor-animaties-en-video-gevraagd\"\n\t\t\t\tid=\"accordion-content-vrijwilligers-voor-animaties-en-video-gevraagd\"\n\t\t\t\tstyle=\"display: none;\"\t\t\t>\n\t\t\t\t<div class=\"sow-accordion-panel-border\">\n\t\t\t\t\t<p>Voor onze promotionele video's zoeken we enthousiaste vrijwilligers die het leuk vinden mee te werken aan animaties en\/of aan sketches. Voor dat laatste is het handig wanneer je woonachtig bent in de omgeving van gemeente Vijfheerenlanden.<\/p>\n<p><a href=\"https:\/\/uitgeeferij.nl\/index.php\/contact\/\" target=\"_blank\" rel=\"noopener\">NEEM CONTACT OP<\/a><\/p>\n\t\t\t\t<\/div>\n\t\t\t<\/div>\n\t\t<\/div>\n\t\t\t<div class=\"sow-accordion-panel\n\t\t\t\t\t\"\n\t\t\t\tdata-anchor-id=\"uitbreiding-bestuur-gezocht\">\n\t\t\t\t\t<div class=\"sow-accordion-panel-header-container\" role=\"heading\" aria-level=\"2\">\n\t\t\t\t\t<div class=\"sow-accordion-panel-header\" tabindex=\"0\" role=\"button\" id=\"accordion-label-uitbreiding-bestuur-gezocht\" aria-controls=\"accordion-content-uitbreiding-bestuur-gezocht\" aria-expanded=\"false\">\n\t\t\t\t\t\t<div class=\"sow-accordion-title sow-accordion-title-icon-left\">\n\t\t\t\t\t\t\t\t\t\t\t\t\t\tUitbreiding bestuur gezocht\t\t\t\t\t\t\t\t\t\t\t\t\t<\/div>\n\t\t\t\t\t\t<div class=\"sow-accordion-open-close-button\">\n\t\t\t\t\t\t\t<div class=\"sow-accordion-open-button\">\n\t\t\t\t\t\t\t\t<span class=\"sow-icon-ionicons\" data-sow-icon=\"&#xf218;\"\n\t\t \n\t\taria-hidden=\"true\"><\/span>\t\t\t\t\t\t\t<\/div>\n\t\t\t\t\t\t\t<div class=\"sow-accordion-close-button\">\n\t\t\t\t\t\t\t\t<span class=\"sow-icon-ionicons\" data-sow-icon=\"&#xf209;\"\n\t\t \n\t\taria-hidden=\"true\"><\/span>\t\t\t\t\t\t\t<\/div>\n\t\t\t\t\t\t<\/div>\n\t\t\t\t\t<\/div>\n\t\t\t\t<\/div>\n\n\t\t\t<div\n\t\t\t\tclass=\"sow-accordion-panel-content\"\n\t\t\t\trole=\"region\"\n\t\t\t\taria-labelledby=\"accordion-label-uitbreiding-bestuur-gezocht\"\n\t\t\t\tid=\"accordion-content-uitbreiding-bestuur-gezocht\"\n\t\t\t\tstyle=\"display: none;\"\t\t\t>\n\t\t\t\t<div class=\"sow-accordion-panel-border\">\n\t\t\t\t\t<p class=\"western\" align=\"left\"><span style=\"font-family: Tahoma, serif;\"><span style=\"font-size: medium;\">Voor onze stichting zoeken we mede-bestuurders. <\/span><\/span><\/p>\n<p class=\"western\" align=\"left\"><span style=\"font-family: Tahoma, serif;\"><span style=\"font-size: medium;\">De doelstelling van <\/span><\/span><span style=\"color: #008080;\"><span style=\"font-family: Tahoma, serif;\"><span style=\"font-size: medium;\"><b>uitGEEFerij<\/b><\/span><\/span><\/span><span style=\"font-family: Tahoma, serif;\"><span style=\"font-size: medium;\"> is o.m. het publiceren van boeken, waarvan <\/span><\/span><span style=\"font-family: Tahoma, serif;\"><span style=\"font-size: medium;\">de winst aan een goed doel wordt geschonken. Het eerste boek is bijna klaar om naar de drukker te gaan en is een prenten- en (voor)leesboek, voorzien van vrolijke, kleurrijke illustraties. <\/span><\/span> <br clear=\"left\" \/><span style=\"font-family: Tahoma, serif;\"><span style=\"font-size: medium;\">Met onze stichting <\/span><\/span><span style=\"color: #008080;\"><span style=\"font-family: Tahoma, serif;\"><span style=\"font-size: medium;\"><b>uitGEEFerij<\/b><\/span><\/span><\/span><span style=\"font-family: Tahoma, serif;\"><span style=\"font-size: medium;\"> willen we in de komende jaren vele leuke projecten realiseren. <\/span><\/span><\/p>\n<p class=\"western\" align=\"left\"><span style=\"font-family: Tahoma, serif;\"><span style=\"font-size: medium;\">Sluit je bij ons aan als bestuurder.<br \/>\n<\/span><\/span><span style=\"font-family: Tahoma, serif;\"><span style=\"font-size: medium;\"><b>Wat vragen we? <\/b><\/span><\/span><span style=\"font-family: Tahoma, serif;\"><span style=\"font-size: medium;\">We vergaderen \u00e9\u00e9nmaal per jaar. We hopen dat je idee\u00ebn kunt inbrengen.<br \/>\n<\/span><\/span><span style=\"font-family: Tahoma, serif;\"><span style=\"font-size: medium;\">We gaan graag in gesprek met je.<br \/>\nMeer informatie of aanmelden voor een gesprek: e-mail naar <\/span><\/span><span style=\"color: #000080;\"><u><span style=\"font-family: Tahoma, serif;\"><span style=\"font-size: medium;\">wes@uitgeeferij.nl<\/span><\/span><\/u><\/span><\/p>\n<p class=\"western\" align=\"left\"><span style=\"font-family: Tahoma, serif;\"><span style=\"font-size: medium;\">Hartelijk dank,<br \/>\n<\/span><\/span><span style=\"font-family: Tahoma, serif;\"><span style=\"font-size: medium;\">Wes Deckers<\/span><\/span><\/p>\n<p align=\"left\"><a href=\"https:\/\/uitgeeferij.nl\/index.php\/contact\/\" target=\"_blank\" rel=\"noopener\">NEEM CONTACT OP<\/a><\/p>\n\t\t\t\t<\/div>\n\t\t\t<\/div>\n\t\t<\/div>\n\t\t\t<div class=\"sow-accordion-panel\n\t\t\t\t\t\"\n\t\t\t\tdata-anchor-id=\"illustrator-gezocht-voor-kinderboek-over-geitjes\">\n\t\t\t\t\t<div class=\"sow-accordion-panel-header-container\" role=\"heading\" aria-level=\"2\">\n\t\t\t\t\t<div class=\"sow-accordion-panel-header\" tabindex=\"0\" role=\"button\" id=\"accordion-label-illustrator-gezocht-voor-kinderboek-over-geitjes\" aria-controls=\"accordion-content-illustrator-gezocht-voor-kinderboek-over-geitjes\" aria-expanded=\"false\">\n\t\t\t\t\t\t<div class=\"sow-accordion-title sow-accordion-title-icon-left\">\n\t\t\t\t\t\t\t\t\t\t\t\t\t\tIllustrator gezocht voor kinderboek over geitjes.\t\t\t\t\t\t\t\t\t\t\t\t\t<\/div>\n\t\t\t\t\t\t<div class=\"sow-accordion-open-close-button\">\n\t\t\t\t\t\t\t<div class=\"sow-accordion-open-button\">\n\t\t\t\t\t\t\t\t<span class=\"sow-icon-ionicons\" data-sow-icon=\"&#xf218;\"\n\t\t \n\t\taria-hidden=\"true\"><\/span>\t\t\t\t\t\t\t<\/div>\n\t\t\t\t\t\t\t<div class=\"sow-accordion-close-button\">\n\t\t\t\t\t\t\t\t<span class=\"sow-icon-ionicons\" data-sow-icon=\"&#xf209;\"\n\t\t \n\t\taria-hidden=\"true\"><\/span>\t\t\t\t\t\t\t<\/div>\n\t\t\t\t\t\t<\/div>\n\t\t\t\t\t<\/div>\n\t\t\t\t<\/div>\n\n\t\t\t<div\n\t\t\t\tclass=\"sow-accordion-panel-content\"\n\t\t\t\trole=\"region\"\n\t\t\t\taria-labelledby=\"accordion-label-illustrator-gezocht-voor-kinderboek-over-geitjes\"\n\t\t\t\tid=\"accordion-content-illustrator-gezocht-voor-kinderboek-over-geitjes\"\n\t\t\t\tstyle=\"display: none;\"\t\t\t>\n\t\t\t\t<div class=\"sow-accordion-panel-border\">\n\t\t\t\t\t<p>Teken je graag en wil je een kinderboek over geitjes illustreren? Stuur een foto van je geiten-tekening naar info@uitGEEFerij.nl.<\/p>\n<p class=\"western\" align=\"left\">Hartelijk dank,<br \/>\nWes Deckers<\/p>\n<p align=\"left\"><a href=\"https:\/\/uitgeeferij.nl\/index.php\/contact\/\" target=\"_blank\" rel=\"noopener\">NEEM CONTACT OP<\/a><\/p>\n\t\t\t\t<\/div>\n\t\t\t<\/div>\n\t\t<\/div>\n\t\t<\/div>\n<\/div>\n<\/div><\/div><\/div><\/div><\/div>","protected":false},"excerpt":{"rendered":"<p>Vrijwilligers voor animaties en video gevraagd Voor onze promotionele video&#8217;s zoeken we enthousiaste vrijwilligers die het leuk vinden mee te werken aan animaties en\/of aan [&hellip;]<\/p>\n","protected":false},"author":1,"featured_media":31,"parent":0,"menu_order":0,"comment_status":"closed","ping_status":"closed","template":"","meta":{"footnotes":""},"class_list":["post-282","page","type-page","status-publish","has-post-thumbnail","hentry"],"jetpack_sharing_enabled":true,"_links":{"self":[{"href":"https:\/\/uitgeeferij.nl\/index.php\/wp-json\/wp\/v2\/pages\/282","targetHints":{"allow":["GET"]}}],"collection":[{"href":"https:\/\/uitgeeferij.nl\/index.php\/wp-json\/wp\/v2\/pages"}],"about":[{"href":"https:\/\/uitgeeferij.nl\/index.php\/wp-json\/wp\/v2\/types\/page"}],"author":[{"embeddable":true,"href":"https:\/\/uitgeeferij.nl\/index.php\/wp-json\/wp\/v2\/users\/1"}],"replies":[{"embeddable":true,"href":"https:\/\/uitgeeferij.nl\/index.php\/wp-json\/wp\/v2\/comments?post=282"}],"version-history":[{"count":13,"href":"https:\/\/uitgeeferij.nl\/index.php\/wp-json\/wp\/v2\/pages\/282\/revisions"}],"predecessor-version":[{"id":433,"href":"https:\/\/uitgeeferij.nl\/index.php\/wp-json\/wp\/v2\/pages\/282\/revisions\/433"}],"wp:featuredmedia":[{"embeddable":true,"href":"https:\/\/uitgeeferij.nl\/index.php\/wp-json\/wp\/v2\/media\/31"}],"wp:attachment":[{"href":"https:\/\/uitgeeferij.nl\/index.php\/wp-json\/wp\/v2\/media?parent=282"}],"curies":[{"name":"wp","href":"https:\/\/api.w.org\/{rel}","templated":true}]}}